{"id":5594,"date":"2014-11-21T11:23:37","date_gmt":"2014-11-21T11:23:37","guid":{"rendered":"http:\/\/startup.wp.irishmiss.com\/?page_id=5594"},"modified":"2025-08-25T16:39:26","modified_gmt":"2025-08-25T16:39:26","slug":"inicio","status":"publish","type":"page","link":"https:\/\/cpiaye.org.ar\/v2\/inicio\/","title":{"rendered":"Inicio"},"content":{"rendered":"[vc_row]\n[vc_column]\n<div class=\"sc_layout grid news\"><div class=\"row\"><div class=\"col-xs-12 col-sm-6 col-md-4 col-lg-4 column im-animate-element right-to-left \"><div class=\"image\" data-style=\"width:287px;\"><div class=\"plain post-image data-image\"><img class=\"hover_fade_js image-resize w\" src=\"https:\/\/cpiaye.org.ar\/v2\/wp-content\/uploads\/cache\/b\/b1f5b703836c55a6cb51b48306784fd8.png\" title=\"Entrevista al presidente del CPIAyE\" data-retina=\"https:\/\/cpiaye.org.ar\/v2\/wp-content\/uploads\/cache\/d\/db50df9c1ee85093818af448b049adf8.png\" alt=\"Ram\" width=\"285\" height=\"200\" \/><div class=\"preview_info_wrap\"><a class=\"controls img single\" href=\"https:\/\/cpiaye.org.ar\/v2\/news\/cristian-cuba-participo-en-el-programa-ram\/\"><i class=\"im-icon-link\"><\/i><\/a><a><\/a><\/div><\/div><\/div><h2 class=\"post_title\"><a href=\"https:\/\/cpiaye.org.ar\/v2\/news\/cristian-cuba-participo-en-el-programa-ram\/\" title=\"Entrevista al presidente del CPIAyE\" rel=\"bookmark\">Entrevista al presidente del CPIAyE<\/a><\/h2><div class=\"content\"><div class=\"post_excerpt\">El presidente del CPIAyE, Ing. Cristian Cuba, particip\u00f3 como invitado en el programa RAM \u2013 Reporte A\u00e9reo Mundial<\/div><div><\/div><\/div><\/div><!-- \/.col-xs-12 col-sm-6 col-md-4 col-lg-4 column --><div class=\"col-xs-12 col-sm-6 col-md-4 col-lg-4 column im-animate-element right-to-left \"><div class=\"image\" data-style=\"width:287px;\"><div class=\"plain post-image data-image\"><img class=\"hover_fade_js image-resize w\" src=\"https:\/\/cpiaye.org.ar\/v2\/wp-content\/uploads\/cache\/b\/b7d516a86109fc2443618763cd5aeddf.jpeg\" title=\"El CPIAyE Sponsor Institucional CAIA 8\" data-retina=\"https:\/\/cpiaye.org.ar\/v2\/wp-content\/uploads\/cache\/e\/e15afcb50eb2d8b170239ab0aaf0bdd4.jpeg\" alt=\"WhatsApp Image 2026 01 09 At 10.18.14 AM 2\" width=\"285\" height=\"200\" \/><div class=\"preview_info_wrap\"><a class=\"controls img single\" href=\"https:\/\/cpiaye.org.ar\/v2\/news\/el-cpiaye-sponsor-institucional-caia-8\/\"><i class=\"im-icon-link\"><\/i><\/a><a><\/a><\/div><\/div><\/div><h2 class=\"post_title\"><a href=\"https:\/\/cpiaye.org.ar\/v2\/news\/el-cpiaye-sponsor-institucional-caia-8\/\" title=\"El CPIAyE Sponsor Institucional CAIA 8\" rel=\"bookmark\">El CPIAyE Sponsor Institucional CAIA 8<\/a><\/h2><div class=\"content\"><div class=\"post_excerpt\">El Consejo Profesional de Ingenier\u00eda Aeron\u00e1utica y Espacial acompa\u00f1\u00f3 el CAIA 8 como Sponsor Institucional<\/div><div><\/div><\/div><\/div><!-- \/.col-xs-12 col-sm-6 col-md-4 col-lg-4 column --><div class=\"col-xs-12 col-sm-6 col-md-4 col-lg-4 column im-animate-element right-to-left \"><div class=\"image\" data-style=\"width:287px;\"><div class=\"plain post-image data-image\"><img class=\"hover_fade_js image-resize w\" src=\"https:\/\/cpiaye.org.ar\/v2\/wp-content\/uploads\/cache\/7\/7a329e328c2c500a6bab81556ef861f8.jpeg\" title=\"El CPIAyE y el CEDAE firman un Convenio\" data-retina=\"https:\/\/cpiaye.org.ar\/v2\/wp-content\/uploads\/cache\/2\/25bac0c5489021a8bdae609c3ed6f404.jpeg\" alt=\"WhatsApp Image 2026 01 09 At 10.17.24 AM\" width=\"285\" height=\"200\" \/><div class=\"preview_info_wrap\"><a class=\"controls img single\" href=\"https:\/\/cpiaye.org.ar\/v2\/news\/el-cpiaye-y-el-cedae-firman-un-convenio\/\"><i class=\"im-icon-link\"><\/i><\/a><a><\/a><\/div><\/div><\/div><h2 class=\"post_title\"><a href=\"https:\/\/cpiaye.org.ar\/v2\/news\/el-cpiaye-y-el-cedae-firman-un-convenio\/\" title=\"El CPIAyE y el CEDAE firman un Convenio\" rel=\"bookmark\">El CPIAyE y el CEDAE firman un Convenio<\/a><\/h2><div class=\"content\"><div class=\"post_excerpt\">El CPIAyE y el CEDAE firman un Convenio Marco para fortalecer la cooperaci\u00f3n acad\u00e9mica, cient\u00edfica y profesional.<\/div><div><\/div><\/div><\/div><!-- \/.col-xs-12 col-sm-6 col-md-4 col-lg-4 column --><\/div><div class=\"row\"><div class=\"col-xs-12 col-sm-6 col-md-4 col-lg-4 column im-animate-element right-to-left \"><div class=\"image\" data-style=\"width:287px;\"><div class=\"plain post-image data-image\"><img class=\"hover_fade_js image-resize w\" src=\"https:\/\/cpiaye.org.ar\/v2\/wp-content\/uploads\/2025\/12\/79644baadaaea8ff55dcf8332aaa9369.jpg\" title=\"Matriculas profesionales CPIAyE 2026\" data-retina=\"https:\/\/cpiaye.org.ar\/v2\/wp-content\/uploads\/2025\/12\/79644baadaaea8ff55dcf8332aaa9369.jpg\" alt=\"79644baadaaea8ff55dcf8332aaa9369\" width=\"285\" height=\"200\" \/><div class=\"preview_info_wrap\"><a class=\"controls img single\" href=\"https:\/\/cpiaye.org.ar\/v2\/news\/matriculas-profesionales-cpiaye-2026\/\"><i class=\"im-icon-link\"><\/i><\/a><a><\/a><\/div><\/div><\/div><h2 class=\"post_title\"><a href=\"https:\/\/cpiaye.org.ar\/v2\/news\/matriculas-profesionales-cpiaye-2026\/\" title=\"Matriculas profesionales CPIAyE 2026\" rel=\"bookmark\">Matriculas profesionales CPIAyE 2026<\/a><\/h2><div class=\"content\"><div class=\"post_excerpt\">Haciendo clic en siguiente link podr\u00e1 visualizar los valores para el pago del Derecho Anual de Matr\u00edculas Profesionales CPIAyE 2026<\/div><div><\/div><\/div><\/div><!-- \/.col-xs-12 col-sm-6 col-md-4 col-lg-4 column --><div class=\"col-xs-12 col-sm-6 col-md-4 col-lg-4 column im-animate-element right-to-left \"><div class=\"image\" data-style=\"width:287px;\"><div class=\"plain post-image data-image\"><img class=\"hover_fade_js image-resize w\" src=\"https:\/\/cpiaye.org.ar\/v2\/wp-content\/uploads\/cache\/1\/1540ee71e097fa7d0beada7329e46f28.jpg\" title=\"VIII Seminario Vitual SRT\" data-retina=\"https:\/\/cpiaye.org.ar\/v2\/wp-content\/uploads\/cache\/3\/3100d870a775dc8c3b0f1882082468f4.jpg\" alt=\"Agentes Riesgo 1 Scaled\" width=\"285\" height=\"200\" \/><div class=\"preview_info_wrap\"><a class=\"controls img single\" href=\"https:\/\/cpiaye.org.ar\/v2\/news\/viii-seminario-vitual-srt\/\"><i class=\"im-icon-link\"><\/i><\/a><a><\/a><\/div><\/div><\/div><h2 class=\"post_title\"><a href=\"https:\/\/cpiaye.org.ar\/v2\/news\/viii-seminario-vitual-srt\/\" title=\"VIII Seminario Vitual SRT\" rel=\"bookmark\">VIII Seminario Vitual SRT<\/a><\/h2><div class=\"content\"><div class=\"post_excerpt\">VIII Seminario Virtual SRT: riesgos laborales, normativa vigente, inscripci\u00f3n gratuita, 16\/10\/2025, profesionales matriculados.<\/div><div><\/div><\/div><\/div><!-- \/.col-xs-12 col-sm-6 col-md-4 col-lg-4 column --><div class=\"col-xs-12 col-sm-6 col-md-4 col-lg-4 column im-animate-element right-to-left \"><div class=\"image\" data-style=\"width:287px;\"><div class=\"plain post-image data-image\"><img class=\"hover_fade_js image-resize w\" src=\"https:\/\/cpiaye.org.ar\/v2\/wp-content\/uploads\/cache\/5\/5b2e33712b002f0f1eb0261784acec8e.jpg\" title=\"Cursos Online Ley 5920\" data-retina=\"https:\/\/cpiaye.org.ar\/v2\/wp-content\/uploads\/cache\/e\/e989f2313769858368c5a1780c0a7a18.jpg\" alt=\"Cursosistema Autoproteccion 1\" width=\"285\" height=\"200\" \/><div class=\"preview_info_wrap\"><a class=\"controls img single\" href=\"https:\/\/cpiaye.org.ar\/v2\/news\/cursos-online-ley-5920\/\"><i class=\"im-icon-link\"><\/i><\/a><a><\/a><\/div><\/div><\/div><h2 class=\"post_title\"><a href=\"https:\/\/cpiaye.org.ar\/v2\/news\/cursos-online-ley-5920\/\" title=\"Cursos Online Ley 5920\" rel=\"bookmark\">Cursos Online Ley 5920<\/a><\/h2><div class=\"content\"><div class=\"post_excerpt\">Capacitaci\u00f3n online Ley 5920, sistema de autoprotecci\u00f3n, inscripci\u00f3n abierta, cupos limitados, noviembre 2025.<\/div><div><\/div><\/div><\/div><!-- \/.col-xs-12 col-sm-6 col-md-4 col-lg-4 column --><\/div><!-- \/.row --><\/div><!-- \/.sc_layout grid-->\n<div class=\"sc_layout list post\"><\/div><!-- \/.sc_layout list-->\n[vc_accordion active_tab=\u00bbfalse\u00bb collapsible=\u00bbyes\u00bb]\n[vc_accordion_tab title=\u00bb\u00bfPor qu\u00e9 matricularse?\u00bb]\n[vc_column_text]Las Universidades Nacionales, a trav\u00e9s de sus facultades, y las Escuelas T\u00e9cnicas brindan los conocimientos, y los respectivos diplomas certifican que las personas que los poseen est\u00e1n capacitadas para asesorar, dirigir o ejecutar, en los temas o las materias de las diferentes especialidades. De acuerdo a la ley de Ministerios N\u00b0 23.930 art.21 incisos 10 y 11 (t.o.1992) corresponde al Ministerio de Cultura y Educaci\u00f3n entender en la determinaci\u00f3n de la validez nacional de estudios y t\u00edtulos y en sus correspondientes incumbencias.<\/p>\n<p>Para ejercer las actividades que regulan las leyes, es imprescindible estar inscripto en la matr\u00edcula correspondiente y con su derecho anual vigente. La matr\u00edcula de cada profesional, en el Consejo correspondiente a su t\u00edtulo, lo habilita para ejercer cualquiera de las funciones atribuidas por la universidad o escuela t\u00e9cnica a este t\u00edtulo, en la \u00e9poca de su otorgamiento.<\/p>\n<p>La Matriculaci\u00f3n Profesional establecida en la Ley 14.467 (ratificatoria del Decreto Ley N\u00ba 6070\/58) y en el DECRETO 2148\/84, prev\u00e9n la existencia de los Consejos Profesionales y su matr\u00edcula obligatoria para el control del ejercicio profesional.<\/p>\n<p>Todo profesional no s\u00f3lo tiene el derecho de ejercer su profesi\u00f3n sino tambi\u00e9n la obligaci\u00f3n de cumplir con la responsabilidad que su t\u00edtulo le confiere en funci\u00f3n de lo que su actuaci\u00f3n profesional implica para la sociedad, que es el cumplimiento de las normativas vigentes como es el caso de la matriculaci\u00f3n obligatoria.<\/p>\n<p>En consecuencia, para ejercer la profesi\u00f3n en nuestras especialidades, en relaci\u00f3n de dependencia o bien, independientemente, se debe contar con los siguientes instrumentos habilitantes:<\/p>\n<p>1- T\u00edtulo Acad\u00e9mico correspondiente.<br \/>\n2- Matr\u00edcula del Consejo Profesional af\u00edn a su profesi\u00f3n.<br \/>\n3- Derecho anual vigente[\/vc_column_text]\n[\/vc_accordion_tab]\n[vc_accordion_tab title=\u00bbC\u00f3mo matricularse 2025&#8243;]\n[vc_column_text]Usted podr\u00e1 consultar los requisitos para inscribirse en este Consejo como Ingeniero, T\u00e9cnico o Mec\u00e1nico Aeron\u00e1utico . Destacando que, para estar habilitado legalmente a ejercer la profesi\u00f3n en Jurisdicci\u00f3n Nacional, deber\u00e1 registrarse y recibir matriculaci\u00f3n en este Consejo Profesional. Para ampliar la informaci\u00f3n Clic <a href=\"https:\/\/cpiaye.org.ar\/v2\/como-matricularse-2025\/\">aqu\u00ed<\/a>[\/vc_column_text]\n[\/vc_accordion_tab]\n[vc_accordion_tab title=\u00bb\u00bfQu\u00e9 son los Consejos Profesionales?\u00bb]\n[vc_column_text]Los Consejos Profesionales son entidades de derecho p\u00fablico, no estatal, creadas por el Decreto Ley 6070\/58 (ratificado por la Ley 14.467), para que los propios profesionales de la Agrimensura, Arquitectura e Ingenier\u00eda sean quienes regulen y controlen el cumplimiento de las normas sobre el ejercicio de la Agrimensura, la Agronom\u00eda, la Arquitectura y la Ingenier\u00eda en el \u00e1mbito de la jurisdicci\u00f3n nacional.<\/p>\n<p>Dichos Consejos ejercen por delegaci\u00f3n del Estado Nacional y de la Ciudad Aut\u00f3-noma de Buenos Aires, el poder de polic\u00eda sobre las profesiones reglamentadas o sea aqu\u00e9llas que para su ejercicio requieren de habilitaci\u00f3n estatal por estar directamente vinculadas con los intereses p\u00fablicos de la seguridad, la higiene, la salud o la moralidad, habilitando para el ejercicio profesional mediante la inscripci\u00f3n del profesional en la matr\u00edcula del Consejo que corresponda de acuerdo a su especialidad.<\/p>\n<p>En tal sentido el Art.16 establece la organizaci\u00f3n de los Consejos Profesionales seg\u00fan sus especialidades, otorgando a los mismos la facultad de someter a los poderes p\u00fablicos sus estatutos y reglamentos, adem\u00e1s de organizar y llevar las respectivas matr\u00edculas.<\/p>\n<p>Asimismo el mencionado Decreto-Ley regula el ejercicio de las profesiones mencionadas, estableciendo la obligatoriedad de matricularse en el Consejo de su especialidad para poder ejercer su actividad.<\/p>\n<p>El car\u00e1cter p\u00fablico de la funci\u00f3n delos Consejos, se circunscribe al registro, habilitaci\u00f3n y control sobre el ejercicio profesional, para lo cual la legislaci\u00f3n le ha delegado importantes atribuciones, entre ellas la de aplicar sanciones, todo lo cual excede y resulta ajeno al \u00e1mbito del derecho privado.<\/p>\n<p>Las normas que exigen la matriculaci\u00f3n obligatoria de los profesionales de formaci\u00f3n universitaria, terciaria y secundaria persiguen fines superiores orientados a la protecci\u00f3n de la comunidad, a trav\u00e9s del control que sobre la actividad desarrollada por los profesionales tienen los consejos que los agrupan, quienes tienden a garantizar la idoneidad del profesional para la realizaci\u00f3n de una tarea determinada y registrar sus contratos de forma tal de proteger a la comunidad de falsos profesionales[\/vc_column_text]\n[\/vc_accordion_tab]\n[\/vc_accordion]\n[\/vc_column]\n[\/vc_row]\n[vc_row]\n[vc_column]\n[vc_column_text]\n[\/vc_column_text]\n[\/vc_column]\n[\/vc_row]\n","protected":false},"excerpt":{"rendered":"<p>[vc_row] [vc_column] [vc_accordion active_tab=\u00bbfalse\u00bb collapsible=\u00bbyes\u00bb] [vc_accordion_tab title=\u00bb\u00bfPor qu\u00e9 matricularse?\u00bb] [vc_column_text]Las Universidades Nacionales, a trav\u00e9s de sus facultades, y las Escuelas T\u00e9cnicas brindan los conocimientos, y los respectivos diplomas certifican que las personas que los poseen est\u00e1n capacitadas para asesorar, dirigir o ejecutar, en los temas o las materias de las diferentes especialidades. De acuerdo a <small>&#8230;<\/small><\/p>\n","protected":false},"author":3,"featured_media":0,"parent":0,"menu_order":0,"comment_status":"closed","ping_status":"closed","template":"","meta":[],"_links":{"self":[{"href":"https:\/\/cpiaye.org.ar\/v2\/wp-json\/wp\/v2\/pages\/5594"}],"collection":[{"href":"https:\/\/cpiaye.org.ar\/v2\/wp-json\/wp\/v2\/pages"}],"about":[{"href":"https:\/\/cpiaye.org.ar\/v2\/wp-json\/wp\/v2\/types\/page"}],"author":[{"embeddable":true,"href":"https:\/\/cpiaye.org.ar\/v2\/wp-json\/wp\/v2\/users\/3"}],"replies":[{"embeddable":true,"href":"https:\/\/cpiaye.org.ar\/v2\/wp-json\/wp\/v2\/comments?post=5594"}],"version-history":[{"count":80,"href":"https:\/\/cpiaye.org.ar\/v2\/wp-json\/wp\/v2\/pages\/5594\/revisions"}],"predecessor-version":[{"id":10221,"href":"https:\/\/cpiaye.org.ar\/v2\/wp-json\/wp\/v2\/pages\/5594\/revisions\/10221"}],"wp:attachment":[{"href":"https:\/\/cpiaye.org.ar\/v2\/wp-json\/wp\/v2\/media?parent=5594"}],"curies":[{"name":"wp","href":"https:\/\/api.w.org\/{rel}","templated":true}]}}