{"id":6451,"date":"2014-11-20T19:41:40","date_gmt":"2014-11-20T19:41:40","guid":{"rendered":"http:\/\/cpiaye.org.ar\/v2\/?page_id=6451"},"modified":"2015-02-07T19:16:10","modified_gmt":"2015-02-07T19:16:10","slug":"descuentos","status":"publish","type":"page","link":"https:\/\/cpiaye.org.ar\/v2\/descuentos\/","title":{"rendered":"Descuentos"},"content":{"rendered":"[vc_row]\n[vc_column]\n[vc_column_text]\n<div class=\"blog_header\">\n<h4 class=\"pull-left caption\">Descuentos<\/h4>\n<div class=\"clearboth\"><\/div>\n<\/div>\n[\/vc_column_text]\n[vc_accordion collapsible=\u00bbyes\u00bb el_class=\u00bbstyle1&#8243; active_tab=\u00bbfalse\u00bb]\n[vc_accordion_tab title=\u00bbOPTICAS HIPERVISI\u00d3N\u00bb]\n[vc_column_text]Usted podr\u00e1 acceder a descuentos en la Red de \u00d3pticas Hipervisi\u00f3n gracias al convenio firmado con la sola presentaci\u00f3n de su Matr\u00edcula Profesional del CPIAyE y DNI.<\/p>\n<p>Hipervisi\u00f3n es una red de \u00f3pticas independientes que se han unido para brindar un mejor servicio. Todas las \u00f3pticas pertenecientes a la red de Hipervisi\u00f3n comparten la misma filosof\u00eda: ofrecer una atenci\u00f3n seria y de calidad superior.<\/p>\n<p>M\u00e1s de 10 a\u00f1os de intenso trabajo avalan el crecimiento y actualmente ya son m\u00e1s de 90 \u00f3pticas las que gozan de los beneficios de ser miembros de Hipervisi\u00f3n.<\/p>\n<p>Cada d\u00eda son m\u00e1s quienes disfrutan de la calidad y la experiencia de esta red de \u00f3pticas.<\/p>\n<p>DESCUENTOS PREFERENCIALES PARA MATRICULADOS DEL CPIAyE, en:<\/p>\n<p>CRISTALES; ARMAZONES; LENTES DE CONTACTO, LIQUIDOS; AUDIOLOGIA, NO DESCARTABLES,LENTES PARA SOL.<\/p>\n<p>Contacto: reddeopticas@redhipervision.com.ar<\/p>\n<p>&#8211; Opticas de C.A.B.A y Gran Buenos Aires<br \/>\n&#8211; Opticas del Interior<\/p>\n<p>PARA LOS MATRICULADOS Y SUS FAMILIARES CON TODOS LOS MEDIOS DE PAGO.<\/p>\n<p>*NO COMBINABLE CON OTRAS PROMOCIONES Y \/ O DESCUENTOS VIGENTES.[\/vc_column_text]\n[\/vc_accordion_tab]\n[vc_accordion_tab title=\u00bbHOTELES DIBA * DESTINOS EN ARGENTINA\u00bb]\n[vc_column_text]Se viene renovando a\u00f1o a a\u00f1o, el acuerdo entre la Direcci\u00f3n de Bienestar de la Armada Argentina y el Consejo Profesional de la Ingenier\u00eda Aeron\u00e1utica y Espacial.<\/p>\n<p>Nuestros matriculados podr\u00e1n disfrutar de los servicios tur\u00edsticos de la DIBA con las facilidades y tarifas correspondientes a \u00abObras Sociales con convenio\u00bb (OOSS) con destinos como Cordoba, Mar del Plata, Bariloche, Buenos Aires actualizandose continuamente,<\/p>\n<p>Hoteles y tarifas vigentes http:\/\/www.diba.org.ar\/WebDIba * Turismo<\/p>\n<p>Requisito indispensable: Presentar la Credencial CPIAyE con el pago de la Matricula Profesional al d\u00eda.<\/p>\n<p>Forma de pago: Se\u00f1a 20 % en efectivo en DIBA o en los Hoteles, saldo con tarjeta de debito o cr\u00e9dito en un pago sin recargo.<\/p>\n<p>Los pasajeros deber\u00e1n comunicarse con DIBA de 8:00 a 14:00 hs o a los Hoteles de 8:00 a 16:00 hs para realizar las reservas.[\/vc_column_text]\n[\/vc_accordion_tab]\n[vc_accordion_tab title=\u00bbCABA\u00d1AS AROMITOS * TIEMPO LIBRE * CORDOBA ARG.\u00bb]\n[vc_column_text]Villa Parque Siquiman, Valle de Punilla, Cordoba, Argentina<\/p>\n<p>Tres chalets distribuidos en un parque de 4000 m2, con especies aut\u00f3ctonas, pensados para que los hu\u00e9spedes gocen la privacidad, comodidad y calidez de sus ambientes.<\/p>\n<p>Requisito indispensable: Presentar la Credencial CPIAyE con el pago de la Matricula Profesional al d\u00eda.<\/p>\n<p>Para reservas y pagos deberan comunicarse con el Complejo,<\/p>\n<p>Tel: 0351-4656614 \/ Cel: 0351- 155746868.<br \/>\nwww.aromitosweb.com.ar[\/vc_column_text]\n[\/vc_accordion_tab]\n[vc_accordion_tab title=\u00bbHOTEL PANORAMA Y URBANO * CORDOBA ARG.\u00bb]\n[vc_column_text]NH PANORAMA, 4 Estrellas<\/p>\n<p>Habitaci\u00f3n Single \u00f3 Doble: u$ 88 + iva<br \/>\nIncluye: Desayuno Buffet, acceso al Gimnasio con piscina y wi fi<br \/>\nNo incluye: Cochera.<br \/>\nNH URBANO, 3 estrellas<\/p>\n<p>Habitaci\u00f3n Single \u00f3 Doble u$ 75 + iva<\/p>\n<p>Incluye: Desayuno Continental y wifi<br \/>\nLas tarifas est\u00e1n expresadas en d\u00f3lares.<\/p>\n<p>Requisito indispensable: Presentar la Credencial CPIAyE con el pago de la Matricula Profesional al d\u00eda.<\/p>\n<p>Para reservas y pagos deber\u00e1n comunicarse con el hotel. Sujeto a disponibilidad del Hotel y validez de la tarifa.[\/vc_column_text]\n[\/vc_accordion_tab]\n[vc_accordion_tab title=\u00bbHOTEL LA CASONA DE CALMAYO* CORDOBA ARG.\u00bb]\n[vc_column_text]La Casona es una antigua construcci\u00f3n del siglo XIX de estilo colonial ubicada en el centro del valle de Calmayo. Este casco de estancia fue escasamente modificado para convertirse a principios de 1900 en la primera hoster\u00eda del lugar. Su arquitectura, asi, como su mobiliario rescatan la expresi\u00f3n de esplendor de sus mejores \u00e9pocas. Alojarnos entre sus paredes representa un viaje al pasado y las buenas costumbres gastron\u00f3micas de la cocina casera.<\/p>\n<p>Parque Calmayo<\/p>\n<p>Parque Calmayo es un peque\u00f1o pueblo en cuanto a lo urbano, pero que tiene una superficie de 300 ha. distribuidas en plenas sierras chicas del departamento de Calamuchita. Quince kil\u00f3metros lo separan de San Agust\u00edn (ruta 36), siete kil\u00f3metros del monasterio de los monjes benedictinos y veintid\u00f3s de Santa Rosa de Calamuchita (ruta 5)<\/p>\n<p>A 850 m. sobre el nivel del mar, este valle cuenta con una abundante vegetaci\u00f3n, destac\u00e1ndose un gran n\u00famero de variedades aut\u00f3ctonas.<\/p>\n<p>Una serie de arroyos y arroyuelos lo cruzan en distintas direcciones, formando cascadas y ollas naturales que nos invitan a visitarlos.<\/p>\n<p>La Casona de Calmayo cuenta hoy con una infraestructura que abarca los siguientes servicios:<\/p>\n<p>Hoster\u00eda<br \/>\nAlbergue \u2013 refugio de monta\u00f1a<br \/>\nCaba\u00f1a<\/p>\n<p>Requisito: Presentar la Credencial CPIAyE con el pago de la Matricula Profesional al d\u00eda.<\/p>\n<p>Beneficios: 10 % descuento de tarifa convenio CPIAyE.<\/p>\n<p>Formas de pago: a combinar con el Hotel.<\/p>\n<p>Para realizar reservas y pagos los pasajeros deber\u00e1n comunicarse al TEL: ++ 54 11 03547- 15478438<\/p>\n<p>E- mail: lfmoroni@yahoo.com.ar<br \/>\nP\u00e1gina WEB: http:\/\/www.lacasonadecalmayo.com.ar\/hosteria.php[\/vc_column_text]\n[\/vc_accordion_tab]\n[vc_accordion_tab title=\u00bbHOSTEL INN &amp; MARCOPOLO INN GROUP * BUENOS AIRES * IGUAZU * BARILOCHE * CALAFATE ARG\u00bb]\n[vc_column_text]Marcopolo inn y Hostel inn Group es la empresa l\u00edder de hostels en Sudam\u00e9rica.<\/p>\n<p>Sus socios fundadores, viajeros independientes desde siempre, abocados a la tarea de desarrollar este negocio, e inspirados en los hostels principalmente europeos, se aventuraron a la misi\u00f3n de otorgarle a este segmento del mercado hotelero, relegado hist\u00f3ricamente, un starndart y profesionalismo que hasta ese momento no exist\u00eda en la regi\u00f3n. Integrantes desde un principio de la asociaci\u00f3n Hostelling International, instituci\u00f3n centenaria que cuenta con m\u00e1s de 4200 hostels asociados del m\u00e1s alto nivel a lo largo y a lo ancho del mundo entero.<\/p>\n<p>Al d\u00eda de hoy, la empresa cuenta con 12 hoteles, dos restaurantes y dos Moving Travel Bar dentro de nuestro pa\u00eds.<\/p>\n<p>\u00b7 Hostel inn Tango City<br \/>\n\u00b7 Hostel inn Buenos Aires<br \/>\n\u00b7 The Ritz by hostel inn<br \/>\n\u00b7 Hostel inn Iguaz\u00fa<br \/>\n\u00b7 Marcopolo inn Iguaz\u00fa<br \/>\n\u00b7 Marcopolo inn Bariloche<br \/>\n\u00b7 Hostel inn Bariloche<br \/>\n\u00b7 Marcopolo inn Calafate<br \/>\n\u00b7 Marcopolo Suites Iguaz\u00fa<br \/>\n\u00b7 Marcopolo Suites Calafate<br \/>\n\u00b7 Moving Travel Bar.<\/p>\n<p>..En Bariloche: Salta 504 &#8211; Tel.:(02944) 426768- S. C. de Bariloche &#8211; R\u00edo Negro<\/p>\n<p>..En Buenos Aires: Av. De Mayo 1117- C.A.B.A.<\/p>\n<p>Requisito indispensable: Presentar la Credencial CPIAyE con el pago de la Matricula Profesional al d\u00eda.<\/p>\n<p>Beneficio: 25 % descuento de tarifa mostrador.<\/p>\n<p>Forma de pago: a combinar con el Hotel.<\/p>\n<p>Para realizar las reservas los pasajeros deber\u00e1n comunicarse al TEL: ++ 54 11 4381 \u2013 4458<\/p>\n<p>P\u00e1ginas WEB www.hostel-inn.com; www.marcopolosuites.com[\/vc_column_text]\n[\/vc_accordion_tab]\n[\/vc_accordion]\n[\/vc_column]\n[\/vc_row]\n","protected":false},"excerpt":{"rendered":"<p>[vc_row] [vc_column] [vc_column_text] Descuentos [\/vc_column_text] [vc_accordion collapsible=\u00bbyes\u00bb el_class=\u00bbstyle1&#8243; active_tab=\u00bbfalse\u00bb] [vc_accordion_tab title=\u00bbOPTICAS HIPERVISI\u00d3N\u00bb] [vc_column_text]Usted podr\u00e1 acceder a descuentos en la Red de \u00d3pticas Hipervisi\u00f3n gracias al convenio firmado con la sola presentaci\u00f3n de su Matr\u00edcula Profesional del CPIAyE y DNI. Hipervisi\u00f3n es una red de \u00f3pticas independientes que se han unido para brindar un mejor servicio. <small>&#8230;<\/small><\/p>\n","protected":false},"author":3,"featured_media":0,"parent":0,"menu_order":0,"comment_status":"closed","ping_status":"closed","template":"","meta":[],"_links":{"self":[{"href":"https:\/\/cpiaye.org.ar\/v2\/wp-json\/wp\/v2\/pages\/6451"}],"collection":[{"href":"https:\/\/cpiaye.org.ar\/v2\/wp-json\/wp\/v2\/pages"}],"about":[{"href":"https:\/\/cpiaye.org.ar\/v2\/wp-json\/wp\/v2\/types\/page"}],"author":[{"embeddable":true,"href":"https:\/\/cpiaye.org.ar\/v2\/wp-json\/wp\/v2\/users\/3"}],"replies":[{"embeddable":true,"href":"https:\/\/cpiaye.org.ar\/v2\/wp-json\/wp\/v2\/comments?post=6451"}],"version-history":[{"count":2,"href":"https:\/\/cpiaye.org.ar\/v2\/wp-json\/wp\/v2\/pages\/6451\/revisions"}],"predecessor-version":[{"id":6773,"href":"https:\/\/cpiaye.org.ar\/v2\/wp-json\/wp\/v2\/pages\/6451\/revisions\/6773"}],"wp:attachment":[{"href":"https:\/\/cpiaye.org.ar\/v2\/wp-json\/wp\/v2\/media?parent=6451"}],"curies":[{"name":"wp","href":"https:\/\/api.w.org\/{rel}","templated":true}]}}